{"id":13406,"date":"2024-11-18T14:41:21","date_gmt":"2024-11-18T19:41:21","guid":{"rendered":"https:\/\/habitec.ca\/?page_id=13406"},"modified":"2024-12-11T16:00:16","modified_gmt":"2024-12-11T21:00:16","slug":"financement","status":"publish","type":"page","link":"https:\/\/habitec.ca\/fr\/financing\/","title":{"rendered":"Financement"},"content":{"rendered":"<div class=\"wpb-content-wrapper\"><div class=\"vc_row-full-width-before\"><\/div><div id=\"vc_row-69f0c24deb651\" data-vc-full-width=\"true\" data-vc-full-width-init=\"false\" class=\"vc_row wpb_row vc_row-fluid vc_custom_1732653283618 thegem-custom-69f0c24deb6179511 vc_row-has-fill\"><script type=\"text\/javascript\">if (typeof(gem_fix_fullwidth_position) == \"function\") { gem_fix_fullwidth_position(document.getElementById(\"vc_row-69f0c24deb651\")); }<\/script><div class=\"wpb_column vc_column_container vc_col-sm-12 thegem-custom-69f0c24deba634137\" ><div class=\"vc_column-inner thegem-custom-inner-69f0c24deba67\"><div class=\"wpb_wrapper thegem-custom-69f0c24deba634137\"><div class=\"centered-box gem-image-centered-box\" ><div class=\"gem-image gem-wrapbox gem-wrapbox-style-default gem-wrapbox-position-centered  thegem-custom-69f0c24debf20408\"  style=\"width: 400px;\" ><div class=\"gem-wrapbox-inner\" ><img class=\"gem-wrapbox-element img-responsive\" src=\"https:\/\/habitec.ca\/wp-content\/uploads\/2024\/11\/habitec-all-services-d.png\" alt=\"\"\/><\/div><style type=\"text\/css\">.thegem-custom-69f0c24debf20408.gem-image a:hover img {filter: brightness( 100% ) contrast( 100% ) saturate( 100% ) blur( 0px ) hue-rotate( 0deg );}<\/style><\/div><\/div><div class=\"clearboth\"><\/div><style>#thegem-divider-69f0c24dec5dc {margin-top: 20px !important;}<\/style><div id=\"thegem-divider-69f0c24dec5dc\" class=\"gem-divider\" style=\"\" ><\/div>\r\n\t\r\n\t\t<div class=\"wpb_text_column wpb_content_element  vc_custom_1732653247178 uppercase-disable thegem-vc-text thegem-custom-69f0c24dec92a5570\"  >\r\n\t\t\t<div class=\"wpb_wrapper\">\r\n\t\t\t\t<div class=\"title-h2\" style=\"text-align: center;\"><span style=\"color: #515151;\">Rendre nos services plus accessibles et plus abordables<\/span><\/div>\n\r\n\t\t\t<\/div>\r\n\t\t\t<style>@media screen and (max-width: 1023px) {.thegem-vc-text.thegem-custom-69f0c24dec92a5570{display: block!important;}}@media screen and (max-width: 767px) {.thegem-vc-text.thegem-custom-69f0c24dec92a5570{display: block!important;}}@media screen and (max-width: 1023px) {.thegem-vc-text.thegem-custom-69f0c24dec92a5570{position: relative !important;}}@media screen and (max-width: 767px) {.thegem-vc-text.thegem-custom-69f0c24dec92a5570{position: relative !important;}}<\/style>\r\n\t\t<\/div>\r\n\t\r\n<div class=\"clearboth\"><\/div><style>#thegem-divider-69f0c24deca82 {margin-top: 40px !important;}<\/style><div id=\"thegem-divider-69f0c24deca82\" class=\"gem-divider\" style=\"\" ><\/div>\r\n\t\r\n\t\t<div class=\"wpb_text_column wpb_content_element  vc_custom_1733950815699 thegem-vc-text thegem-custom-69f0c24decc6d6838\"  >\r\n\t\t\t<div class=\"wpb_wrapper\">\r\n\t\t\t\t<div class=\"styled-subtitle\" style=\"text-align: center;\"><span style=\"color: #515151;\">Chez Habitec, nous croyons que tout le monde m\u00e9rite d'avoir acc\u00e8s aux meilleures solutions de confort \u00e0 domicile sans que cela ne repr\u00e9sente un fardeau financier. C'est pourquoi nous nous sommes associ\u00e9s \u00e0 <strong>Financeit.<\/strong> pour offrir des options de financement flexibles qui s'adaptent \u00e0 votre budget et \u00e0 votre style de vie. Que vous souhaitiez moderniser vos syst\u00e8mes de chauffage et de climatisation, installer un nouveau syst\u00e8me de ventilation ou que vous ayez besoin de services d'\u00e9lectricit\u00e9, nos solutions de financement sont con\u00e7ues pour vous aider \u00e0 g\u00e9rer les co\u00fbts en toute simplicit\u00e9.<\/span><\/div>\n\r\n\t\t\t<\/div>\r\n\t\t\t<style>@media screen and (max-width: 1023px) {.thegem-vc-text.thegem-custom-69f0c24decc6d6838{display: block!important;}}@media screen and (max-width: 767px) {.thegem-vc-text.thegem-custom-69f0c24decc6d6838{display: block!important;}}@media screen and (max-width: 1023px) {.thegem-vc-text.thegem-custom-69f0c24decc6d6838{position: relative !important;}}@media screen and (max-width: 767px) {.thegem-vc-text.thegem-custom-69f0c24decc6d6838{position: relative !important;}}<\/style>\r\n\t\t<\/div>\r\n\t\r\n<div class=\"clearboth\"><\/div><style>#thegem-divider-69f0c24decd90 {margin-top: 40px !important;}<\/style><div id=\"thegem-divider-69f0c24decd90\" class=\"gem-divider\" style=\"\" ><\/div><div class=\"centered-box gem-image-centered-box\" ><div class=\"gem-image gem-wrapbox gem-wrapbox-style-default gem-wrapbox-position-centered  thegem-custom-69f0c24decdc73106\"  style=\"width: 200px;\" ><div class=\"gem-wrapbox-inner\" ><img class=\"gem-wrapbox-element img-responsive\" src=\"https:\/\/habitec.ca\/wp-content\/uploads\/2024\/12\/habitec-finance-it.png\" alt=\"Financement\"\/><\/div><style type=\"text\/css\">.thegem-custom-69f0c24decdc73106.gem-image a:hover img {filter: brightness( 100% ) contrast( 100% ) saturate( 100% ) blur( 0px ) hue-rotate( 0deg );}<\/style><\/div><\/div><div class=\"clearboth\"><\/div><style>#thegem-divider-69f0c24ded28f {margin-top: 20px !important;}<\/style><div id=\"thegem-divider-69f0c24ded28f\" class=\"gem-divider\" style=\"\" ><\/div><style type=\"text\/css\">.thegem-button-69f0c24ded3d68893 .gem-button svg {fill: #FFFFFF;}.thegem-button-69f0c24ded3d68893 .gem-button:hover svg {fill: #FFFFFF;}<\/style><div class=\"gem-button-container gem-button-position-center thegem-button-69f0c24ded3d68893\"  ><a title=\"Appliquez\" class=\"gem-button gem-button-size-small gem-button-style-flat gem-button-text-weight-normal\" data-ll-effect=\"drop-right-without-wrap\" style=\"border-radius: 3px;background-color: #FF9016;color: #FFFFFF;\" onmouseleave=\"this.style.backgroundColor='#FF9016';this.style.color='#FFFFFF';\" onmouseenter=\"this.style.backgroundColor='#00A8E2';this.style.color='#FFFFFF';\" href=\"https:\/\/www.financeit.ca\/s\/NxzPWQ\" target=\"_self\">Appliquez<\/a><\/div> <div class=\"clearboth\"><\/div><style>#thegem-divider-69f0c24ded421 {margin-top: 40px !important;}<\/style><div id=\"thegem-divider-69f0c24ded421\" class=\"gem-divider\" style=\"\" ><\/div><\/div><\/div><\/div><\/div><div class=\"vc_row-full-width vc_clearfix\"><\/div>\n<\/div>","protected":false},"excerpt":{"rendered":"","protected":false},"author":1,"featured_media":13707,"parent":0,"menu_order":0,"comment_status":"closed","ping_status":"closed","template":"","meta":{"footnotes":""},"class_list":["post-13406","page","type-page","status-publish","has-post-thumbnail"],"aioseo_notices":[],"_links":{"self":[{"href":"https:\/\/habitec.ca\/fr\/wp-json\/wp\/v2\/pages\/13406","targetHints":{"allow":["GET"]}}],"collection":[{"href":"https:\/\/habitec.ca\/fr\/wp-json\/wp\/v2\/pages"}],"about":[{"href":"https:\/\/habitec.ca\/fr\/wp-json\/wp\/v2\/types\/page"}],"author":[{"embeddable":true,"href":"https:\/\/habitec.ca\/fr\/wp-json\/wp\/v2\/users\/1"}],"replies":[{"embeddable":true,"href":"https:\/\/habitec.ca\/fr\/wp-json\/wp\/v2\/comments?post=13406"}],"version-history":[{"count":7,"href":"https:\/\/habitec.ca\/fr\/wp-json\/wp\/v2\/pages\/13406\/revisions"}],"predecessor-version":[{"id":13747,"href":"https:\/\/habitec.ca\/fr\/wp-json\/wp\/v2\/pages\/13406\/revisions\/13747"}],"wp:featuredmedia":[{"embeddable":true,"href":"https:\/\/habitec.ca\/fr\/wp-json\/wp\/v2\/media\/13707"}],"wp:attachment":[{"href":"https:\/\/habitec.ca\/fr\/wp-json\/wp\/v2\/media?parent=13406"}],"curies":[{"name":"wp","href":"https:\/\/api.w.org\/{rel}","templated":true}]}}