{"id":13410,"date":"2024-11-18T14:42:39","date_gmt":"2024-11-18T19:42:39","guid":{"rendered":"https:\/\/habitec.ca\/?page_id=13410"},"modified":"2024-12-02T04:40:33","modified_gmt":"2024-12-02T09:40:33","slug":"questions-frequemment-posees","status":"publish","type":"page","link":"https:\/\/habitec.ca\/fr\/frequently-asked-questions\/","title":{"rendered":"Foire aux questions"},"content":{"rendered":"<div class=\"wpb-content-wrapper\"><div class=\"vc_row-full-width-before\"><\/div><div id=\"vc_row-69f0c9315bb03\" data-vc-full-width=\"true\" data-vc-full-width-init=\"false\" class=\"vc_row wpb_row vc_row-fluid vc_custom_1732743260312 thegem-custom-69f0c9315bae75605 vc_row-has-fill\"><script type=\"text\/javascript\">if (typeof(gem_fix_fullwidth_position) == \"function\") { gem_fix_fullwidth_position(document.getElementById(\"vc_row-69f0c9315bb03\")); }<\/script><div class=\"wpb_column vc_column_container vc_col-sm-12 thegem-custom-69f0c9315bd5b7138\" ><div class=\"vc_column-inner thegem-custom-inner-69f0c9315bd5d\"><div class=\"wpb_wrapper thegem-custom-69f0c9315bd5b7138\"><div class=\"centered-box gem-image-centered-box\" ><div class=\"gem-image gem-wrapbox gem-wrapbox-style-default gem-wrapbox-position-centered  thegem-custom-69f0c9315bf956378\"  style=\"width: 80px;\" ><div class=\"gem-wrapbox-inner\" ><img class=\"gem-wrapbox-element img-responsive\" src=\"https:\/\/habitec.ca\/wp-content\/uploads\/2024\/11\/FAQs.png\" alt=\"Foire aux questions\"\/><\/div><style type=\"text\/css\">.thegem-custom-69f0c9315bf956378.gem-image a:hover img {filter: brightness( 100% ) contrast( 100% ) saturate( 100% ) blur( 0px ) hue-rotate( 0deg );}<\/style><\/div><\/div><div class=\"clearboth\"><\/div><style>#thegem-divider-69f0c9315c345 {margin-top: 20px !important;}<\/style><div id=\"thegem-divider-69f0c9315c345\" class=\"gem-divider\" style=\"\" ><\/div>\r\n\t\r\n\t\t<div class=\"wpb_text_column wpb_content_element  vc_custom_1732743226423 uppercase-disable thegem-vc-text thegem-custom-69f0c9315c4721590\"  >\r\n\t\t\t<div class=\"wpb_wrapper\">\r\n\t\t\t\t<div class=\"title-h2\" style=\"text-align: center;\"><span style=\"color: #00a8e2;\">Foire aux questions<\/span><\/div>\n\r\n\t\t\t<\/div>\r\n\t\t\t<style>@media screen and (max-width: 1023px) {.thegem-vc-text.thegem-custom-69f0c9315c4721590{display: block!important;}}@media screen and (max-width: 767px) {.thegem-vc-text.thegem-custom-69f0c9315c4721590{display: block!important;}}@media screen and (max-width: 1023px) {.thegem-vc-text.thegem-custom-69f0c9315c4721590{position: relative !important;}}@media screen and (max-width: 767px) {.thegem-vc-text.thegem-custom-69f0c9315c4721590{position: relative !important;}}<\/style>\r\n\t\t<\/div>\r\n\t\r\n<div class=\"clearboth\"><\/div><style>#thegem-divider-69f0c9315c553 {margin-top: 40px !important;}<\/style><div id=\"thegem-divider-69f0c9315c553\" class=\"gem-divider\" style=\"\" ><\/div>\r\n\t\r\n\t\t<div class=\"wpb_text_column wpb_content_element  vc_custom_1732743247307 thegem-vc-text thegem-custom-69f0c9315c5f85102\"  >\r\n\t\t\t<div class=\"wpb_wrapper\">\r\n\t\t\t\t<div class=\"styled-subtitle\" style=\"text-align: center;\"><span style=\"color: #515151;\">Nous avons dress\u00e9 une liste des questions les plus fr\u00e9quemment pos\u00e9es pour vous aider \u00e0 mieux comprendre nos services et la mani\u00e8re dont nous pouvons r\u00e9pondre \u00e0 vos besoins. Si vous avez d'autres questions, n'h\u00e9sitez pas \u00e0 contacter notre \u00e9quipe d'assistance pour obtenir de l'aide.<\/span><\/div>\n\r\n\t\t\t<\/div>\r\n\t\t\t<style>@media screen and (max-width: 1023px) {.thegem-vc-text.thegem-custom-69f0c9315c5f85102{display: block!important;}}@media screen and (max-width: 767px) {.thegem-vc-text.thegem-custom-69f0c9315c5f85102{display: block!important;}}@media screen and (max-width: 1023px) {.thegem-vc-text.thegem-custom-69f0c9315c5f85102{position: relative !important;}}@media screen and (max-width: 767px) {.thegem-vc-text.thegem-custom-69f0c9315c5f85102{position: relative !important;}}<\/style>\r\n\t\t<\/div>\r\n\t\r\n<div class=\"clearboth\"><\/div><style>#thegem-divider-69f0c9315c681 {margin-top: 40px !important;}<\/style><div id=\"thegem-divider-69f0c9315c681\" class=\"gem-divider\" style=\"\" ><\/div><\/div><\/div><\/div><\/div><div class=\"vc_row-full-width vc_clearfix\"><\/div><div id=\"vc_row-69f0c9315c8a0\" class=\"vc_row wpb_row vc_row-fluid thegem-custom-69f0c9315c8942830\"><div class=\"wpb_column vc_column_container vc_col-sm-12 thegem-custom-69f0c9315ca5c8409\" ><div class=\"vc_column-inner thegem-custom-inner-69f0c9315ca5e\"><style>.thegem-custom-69f0c9315ca5c8409.wpb_column > .vc_column-inner {box-shadow:  0px 0px 5px 1px #5151517D;}\n<\/style><div class=\"wpb_wrapper thegem-custom-69f0c9315ca5c8409\"><div  class=\"vc_do_toggle vc_toggle vc_toggle_default vc_toggle_color_default  vc_toggle_size_md vc_toggle_active\"><div class=\"vc_toggle_title\"><h4 style=\"color: #FF9016;text-align: left;font-family:Rubik;font-weight:500;font-style:normal\" class=\"vc_custom_heading\" >Quels sont les services offerts par Habitec ?<\/h4><i class=\"vc_toggle_icon\"><\/i><\/div><div class=\"vc_toggle_content\"><p>Nous fournissons des services complets de chauffage, de climatisation, de ventilation et d'\u00e9lectricit\u00e9 pour les propri\u00e9t\u00e9s r\u00e9sidentielles et commerciales.<\/p>\n<\/div><\/div><div  class=\"vc_do_toggle vc_toggle vc_toggle_default vc_toggle_color_default  vc_toggle_size_md\"><div class=\"vc_toggle_title\"><h4 style=\"color: #FF9016;text-align: left;font-family:Rubik;font-weight:500;font-style:normal\" class=\"vc_custom_heading\" >Comment puis-je obtenir un devis gratuit ?<\/h4><i class=\"vc_toggle_icon\"><\/i><\/div><div class=\"vc_toggle_content\"><p>Vous pouvez demander un devis gratuit en visitant notre page \u00ab Contactez-nous \u00bb ou en cliquant sur le bouton<span style=\"color: #00a8e2;\"><a style=\"color: #00a8e2;\" href=\"https:\/\/habitec.ca\/fr\/estimation-gratuit\/\">\u00ab Demande de devis \u00bb<\/a><\/span>qui se trouve sur l'ensemble de notre site web.<\/p>\n<\/div><\/div><div  class=\"vc_do_toggle vc_toggle vc_toggle_default vc_toggle_color_default  vc_toggle_size_md\"><div class=\"vc_toggle_title\"><h4 style=\"color: #FF9016;text-align: left;font-family:Rubik;font-weight:500;font-style:normal\" class=\"vc_custom_heading\" >Proposez-vous des plans d'entretien pour les syst\u00e8mes de chauffage, de ventilation et de climatisation ?<\/h4><i class=\"vc_toggle_icon\"><\/i><\/div><div class=\"vc_toggle_content\"><p class=\"translation-block\">Oui, nous proposons une vari\u00e9t\u00e9 de plans d'entretien mensuels con\u00e7us pour assurer le bon fonctionnement de vos syst\u00e8mes de chauffage, de climatisation et de ventilation. Consultez nos <span style=\"color: #00a8e2\"><a style=\"color: #00a8e2\" href=\"https:\/\/habitec.ca\/fr\/plans-entretien\/\" target=\"_self\">plans d'entretien mensuels<\/a><\/span>.<p><\/p><\/p>\n<\/div><\/div><div  class=\"vc_do_toggle vc_toggle vc_toggle_default vc_toggle_color_default  vc_toggle_size_md\"><div class=\"vc_toggle_title\"><h4 style=\"color: #FF9016;text-align: left;font-family:Rubik;font-weight:500;font-style:normal\" class=\"vc_custom_heading\" >Quels sont les avantages suppl\u00e9mentaires offerts par les plans de maintenance mensuels Or et Platine ?<\/h4><i class=\"vc_toggle_icon\"><\/i><\/div><div class=\"vc_toggle_content\"><p class=\"translation-block\">Nos plans d'entretien Gold et Platinum offrent une prise en charge compl\u00e8te, y compris une programmation prioritaire, des garanties \u00e9tendues et des mises au point annuelles suppl\u00e9mentaires. Ces plans sont con\u00e7us pour offrir une tranquillit\u00e9 d'esprit maximale et garantir que vos syst\u00e8mes sont toujours en parfait \u00e9tat. Consultez nos <span style=\"color: #00a8e2\"><a style=\"color: #00a8e2\" href=\"https:\/\/habitec.ca\/fr\/plans-entretien\/\" target=\"_self\">plans d'entretien mensuels<\/a><\/span>.<p><\/p><\/p>\n<\/div><\/div><div  class=\"vc_do_toggle vc_toggle vc_toggle_default vc_toggle_color_default  vc_toggle_size_md\"><div class=\"vc_toggle_title\"><h4 style=\"color: #FF9016;text-align: left;font-family:Rubik;font-weight:500;font-style:normal\" class=\"vc_custom_heading\" >Quels sont les avantages d'un plan d'entretien ?<\/h4><i class=\"vc_toggle_icon\"><\/i><\/div><div class=\"vc_toggle_content\"><p class=\"translation-block\">En souscrivant \u00e0 un plan d'entretien, vous vous assurez des inspections r\u00e9guli\u00e8res, un service prioritaire et des co\u00fbts de r\u00e9paration r\u00e9duits. Il prolonge la dur\u00e9e de vie de votre \u00e9quipement, am\u00e9liore son efficacit\u00e9 et aide \u00e0 pr\u00e9venir les pannes inattendues. Consultez nos <span style=\"color: #00a8e2\"><a style=\"color: #00a8e2\" href=\"https:\/\/habitec.ca\/fr\/plans-entretien\/\" target=\"_self\">plans d'entretien mensuels<\/a><\/span>.<p><\/p><\/p>\n<\/div><\/div><div  class=\"vc_do_toggle vc_toggle vc_toggle_default vc_toggle_color_default  vc_toggle_size_md\"><div class=\"vc_toggle_title\"><h4 style=\"color: #FF9016;text-align: left;font-family:Rubik;font-weight:500;font-style:normal\" class=\"vc_custom_heading\" >Puis-je passer d'un plan d'entretien \u00e0 l'autre si mes besoins changent ?<\/h4><i class=\"vc_toggle_icon\"><\/i><\/div><div class=\"vc_toggle_content\"><p>Absolument ! Vous pouvez \u00e0 tout moment modifier votre plan d'entretien \u00e0 la hausse ou \u00e0 la baisse. <span style=\"color: #00a8e2;\"><a style=\"color: #00a8e2;\" href=\"https:\/\/habitec.ca\/fr\/contactez-nous\/\">Contactez nous<\/a><\/span> pour discuter de vos besoins actuels et nous vous aiderons \u00e0 choisir le plan qui correspond le mieux \u00e0 votre situation. Consultez nos <span style=\"color: #00a8e2;\"><a style=\"color: #00a8e2;\" href=\"https:\/\/habitec.ca\/fr\/plans-entretien\/\">plans d'entretien mensuels<\/a><\/span>.<\/p>\n<\/div><\/div><div  class=\"vc_do_toggle vc_toggle vc_toggle_default vc_toggle_color_default  vc_toggle_size_md\"><div class=\"vc_toggle_title\"><h4 style=\"color: #FF9016;text-align: left;font-family:Rubik;font-weight:500;font-style:normal\" class=\"vc_custom_heading\" >Proposez-vous des services d'urgence ?<\/h4><i class=\"vc_toggle_icon\"><\/i><\/div><div class=\"vc_toggle_content\"><p>Oui, nous fournissons des services d'urgence 24 heures sur 24 et 7 jours sur 7 pour r\u00e9soudre les probl\u00e8mes urgents li\u00e9s \u00e0 vos syst\u00e8mes de chauffage, de climatisation, de ventilation ou d'\u00e9lectricit\u00e9.<\/p>\n<\/div><\/div><div  class=\"vc_do_toggle vc_toggle vc_toggle_default vc_toggle_color_default  vc_toggle_size_md\"><div class=\"vc_toggle_title\"><h4 style=\"color: #FF9016;text-align: left;font-family:Rubik;font-weight:500;font-style:normal\" class=\"vc_custom_heading\" >Vos techniciens sont-ils certifi\u00e9s ?<\/h4><i class=\"vc_toggle_icon\"><\/i><\/div><div class=\"vc_toggle_content\"><p>Tous nos techniciens sont certifi\u00e9s et ont suivi une formation approfondie pour fournir un service de haute qualit\u00e9.<\/p>\n<\/div><\/div><div  class=\"vc_do_toggle vc_toggle vc_toggle_default vc_toggle_color_default  vc_toggle_size_md\"><div class=\"vc_toggle_title\"><h4 style=\"color: #FF9016;text-align: left;font-family:Rubik;font-weight:500;font-style:normal\" class=\"vc_custom_heading\" >Quelles sont les marques dont vous vous occupez ?<\/h4><i class=\"vc_toggle_icon\"><\/i><\/div><div class=\"vc_toggle_content\"><p>Nous assurons l'entretien d'un large \u00e9ventail de marques et de mod\u00e8les. N'h\u00e9sitez pas \u00e0 nous contacter si vous avez des questions sp\u00e9cifiques concernant votre \u00e9quipement.<\/p>\n<\/div><\/div><div  class=\"vc_do_toggle vc_toggle vc_toggle_default vc_toggle_color_default  vc_toggle_size_md\"><div class=\"vc_toggle_title\"><h4 style=\"color: #FF9016;text-align: left;font-family:Rubik;font-weight:500;font-style:normal\" class=\"vc_custom_heading\" >Combien de temps dure l'installation ?<\/h4><i class=\"vc_toggle_icon\"><\/i><\/div><div class=\"vc_toggle_content\"><p>La dur\u00e9e de l'installation peut varier en fonction du type et de la complexit\u00e9 du syst\u00e8me. Nous nous effor\u00e7ons de r\u00e9aliser les installations de mani\u00e8re efficace sans faire de compromis sur la qualit\u00e9.<\/p>\n<\/div><\/div><div  class=\"vc_do_toggle vc_toggle vc_toggle_default vc_toggle_color_default  vc_toggle_size_md\"><div class=\"vc_toggle_title\"><h4 style=\"color: #FF9016;text-align: left;font-family:Rubik;font-weight:500;font-style:normal\" class=\"vc_custom_heading\" >Puis-je mettre \u00e0 niveau mon syst\u00e8me existant ?<\/h4><i class=\"vc_toggle_icon\"><\/i><\/div><div class=\"vc_toggle_content\"><p>Oui, nous pouvons vous aider \u00e0 moderniser vos syst\u00e8mes pour les remplacer par des mod\u00e8les plus efficaces sur le plan \u00e9nerg\u00e9tique, qui offrent de meilleures performances et permettent de r\u00e9aliser des \u00e9conomies.<\/p>\n<\/div><\/div><div  class=\"vc_do_toggle vc_toggle vc_toggle_default vc_toggle_color_default  vc_toggle_size_md\"><div class=\"vc_toggle_title\"><h4 style=\"color: #FF9016;text-align: left;font-family:Rubik;font-weight:500;font-style:normal\" class=\"vc_custom_heading\" >Quelle garantie offrez-vous sur les nouvelles installations ?<\/h4><i class=\"vc_toggle_icon\"><\/i><\/div><div class=\"vc_toggle_content\"><p>Nous offrons diff\u00e9rentes garanties en fonction du produit et du service. Les d\u00e9tails sp\u00e9cifiques de la garantie sont fournis au moment de l'installation.<\/p>\n<\/div><\/div><div  class=\"vc_do_toggle vc_toggle vc_toggle_default vc_toggle_color_default  vc_toggle_size_md\"><div class=\"vc_toggle_title\"><h4 style=\"color: #FF9016;text-align: left;font-family:Rubik;font-weight:500;font-style:normal\" class=\"vc_custom_heading\" >Proposez-vous des services pour les nouvelles constructions ?<\/h4><i class=\"vc_toggle_icon\"><\/i><\/div><div class=\"vc_toggle_content\"><p>Oui, nous fournissons des services complets de CVC et d'\u00e9lectricit\u00e9 pour les nouveaux projets de construction, de la planification \u00e0 la mise en \u0153uvre.<\/p>\n<\/div><\/div><div  class=\"vc_do_toggle vc_toggle vc_toggle_default vc_toggle_color_default  vc_toggle_size_md\"><div class=\"vc_toggle_title\"><h4 style=\"color: #FF9016;text-align: left;font-family:Rubik;font-weight:500;font-style:normal\" class=\"vc_custom_heading\" >Quelles sont les mesures mises en place pour assurer la s\u00e9curit\u00e9 pendant le service ?<\/h4><i class=\"vc_toggle_icon\"><\/i><\/div><div class=\"vc_toggle_content\"><p>Nous adh\u00e9rons \u00e0 des protocoles de s\u00e9curit\u00e9 stricts, y compris l'utilisation d'\u00e9quipements de protection individuelle et le respect de toutes les directives en mati\u00e8re de sant\u00e9.<\/p>\n<\/div><\/div><div  class=\"vc_do_toggle vc_toggle vc_toggle_default vc_toggle_color_default  vc_toggle_size_md\"><div class=\"vc_toggle_title\"><h4 style=\"color: #FF9016;text-align: left;font-family:Rubik;font-weight:500;font-style:normal\" class=\"vc_custom_heading\" >Comment puis-je prendre un rendez-vous d'entretien ?<\/h4><i class=\"vc_toggle_icon\"><\/i><\/div><div class=\"vc_toggle_content\"><p>Vous pouvez prendre rendez-vous en nous contactant par <span style=\"color: #00a8e2;\"><a style=\"color: #00a8e2;\" href=\"tel:5148000496\">t\u00e9l\u00e9phone<\/a><\/span> ou en utilisant notre <a href=\"https:\/\/habitec.ca\/fr\/contactez-nous\/\"><span style=\"color: #00a8e2;\">formulaire de contact<\/span><\/a>.<\/p>\n<\/div><\/div><div  class=\"vc_do_toggle vc_toggle vc_toggle_default vc_toggle_color_default  vc_toggle_size_md\"><div class=\"vc_toggle_title\"><h4 style=\"color: #FF9016;text-align: left;font-family:Rubik;font-weight:500;font-style:normal\" class=\"vc_custom_heading\" >Quelle est votre zone de service ?<\/h4><i class=\"vc_toggle_icon\"><\/i><\/div><div class=\"vc_toggle_content\"><p>Nous desservons plusieurs endroits au Qu\u00e9bec.<\/p>\n<\/div><\/div><div  class=\"vc_do_toggle vc_toggle vc_toggle_default vc_toggle_color_default  vc_toggle_size_md\"><div class=\"vc_toggle_title\"><h4 style=\"color: #FF9016;text-align: left;font-family:Rubik;font-weight:500;font-style:normal\" class=\"vc_custom_heading\" >Comment savoir si mon syst\u00e8me a besoin d'\u00eatre r\u00e9par\u00e9 ou remplac\u00e9 ?<\/h4><i class=\"vc_toggle_icon\"><\/i><\/div><div class=\"vc_toggle_content\"><p>Nos experts peuvent \u00e9valuer votre syst\u00e8me et recommander une r\u00e9paration ou un remplacement en fonction de son \u00e9tat et de son efficacit\u00e9.<\/p>\n<\/div><\/div><\/div><\/div><\/div><\/div><div class=\"vc_row-full-width-before\"><\/div><div id=\"vc_row-69f0c9315ff91\" data-vc-full-width=\"true\" data-vc-full-width-init=\"false\" class=\"vc_row wpb_row vc_row-fluid vc_custom_1732743260312 thegem-custom-69f0c9315ff6d5620 vc_row-has-fill\"><script type=\"text\/javascript\">if (typeof(gem_fix_fullwidth_position) == \"function\") { gem_fix_fullwidth_position(document.getElementById(\"vc_row-69f0c9315ff91\")); }<\/script><div class=\"wpb_column vc_column_container vc_col-sm-12 thegem-custom-69f0c9316011b8644\" ><div class=\"vc_column-inner thegem-custom-inner-69f0c9316011c\"><div class=\"wpb_wrapper thegem-custom-69f0c9316011b8644\"><div class=\"centered-box gem-image-centered-box\" ><div class=\"gem-image gem-wrapbox gem-wrapbox-style-default gem-wrapbox-position-centered  thegem-custom-69f0c931601c26397\"  style=\"width: 80px;\" ><div class=\"gem-wrapbox-inner\" ><img class=\"gem-wrapbox-element img-responsive\" src=\"https:\/\/habitec.ca\/wp-content\/uploads\/2024\/11\/9.png\" alt=\"Foire aux questions\"\/><\/div><style type=\"text\/css\">.thegem-custom-69f0c931601c26397.gem-image a:hover img {filter: brightness( 100% ) contrast( 100% ) saturate( 100% ) blur( 0px ) hue-rotate( 0deg );}<\/style><\/div><\/div><div class=\"clearboth\"><\/div><style>#thegem-divider-69f0c931605c1 {margin-top: 40px !important;}<\/style><div id=\"thegem-divider-69f0c931605c1\" class=\"gem-divider\" style=\"\" ><\/div>\r\n\t\r\n\t\t<div class=\"wpb_text_column wpb_content_element  vc_custom_1732744527888 thegem-vc-text thegem-custom-69f0c9316067d6326\"  >\r\n\t\t\t<div class=\"wpb_wrapper\">\r\n\t\t\t\t<div class=\"styled-subtitle\" style=\"text-align: center;\"><span style=\"color: #515151;\">Si vous n'avez pas trouv\u00e9 la r\u00e9ponse \u00e0 votre question, notre \u00e9quipe d'assistance \u00e0 la client\u00e8le est pr\u00eate \u00e0 vous aider ! Contactez-nous par les moyens suivants pour une assistance directe :<\/span><\/div>\n\r\n\t\t\t<\/div>\r\n\t\t\t<style>@media screen and (max-width: 1023px) {.thegem-vc-text.thegem-custom-69f0c9316067d6326{display: block!important;}}@media screen and (max-width: 767px) {.thegem-vc-text.thegem-custom-69f0c9316067d6326{display: block!important;}}@media screen and (max-width: 1023px) {.thegem-vc-text.thegem-custom-69f0c9316067d6326{position: relative !important;}}@media screen and (max-width: 767px) {.thegem-vc-text.thegem-custom-69f0c9316067d6326{position: relative !important;}}<\/style>\r\n\t\t<\/div>\r\n\t\r\n<div class=\"clearboth\"><\/div><style>#thegem-divider-69f0c93160727 {margin-top: 40px !important;}<\/style><div id=\"thegem-divider-69f0c93160727\" class=\"gem-divider\" style=\"\" ><\/div>\r\n\t\r\n\t\t<div class=\"wpb_text_column wpb_content_element  vc_custom_1732744691324 thegem-vc-text thegem-custom-69f0c931607d37418\"  >\r\n\t\t\t<div class=\"wpb_wrapper\">\r\n\t\t\t\t<div class=\"title-h4\" style=\"text-align: center;\"><span style=\"color: #00a8e2;\"><a style=\"color: #00a8e2;\" href=\"tel:5148000496\">Appelez-nous<\/a><\/span><\/div>\n<div class=\"title-h4\" style=\"text-align: center;\"><span style=\"color: #ff9016;\"><a style=\"color: #ff9016;\" href=\"https:\/\/habitec.ca\/fr\/contactez-nous\/\">Envoyez-nous un message<\/a><\/span><\/div>\n\r\n\t\t\t<\/div>\r\n\t\t\t<style>@media screen and (max-width: 1023px) {.thegem-vc-text.thegem-custom-69f0c931607d37418{display: block!important;}}@media screen and (max-width: 767px) {.thegem-vc-text.thegem-custom-69f0c931607d37418{display: block!important;}}@media screen and (max-width: 1023px) {.thegem-vc-text.thegem-custom-69f0c931607d37418{position: relative !important;}}@media screen and (max-width: 767px) {.thegem-vc-text.thegem-custom-69f0c931607d37418{position: relative !important;}}<\/style>\r\n\t\t<\/div>\r\n\t\r\n<div class=\"clearboth\"><\/div><style>#thegem-divider-69f0c9316086b {margin-top: 40px !important;}<\/style><div id=\"thegem-divider-69f0c9316086b\" class=\"gem-divider\" style=\"\" ><\/div><\/div><\/div><\/div><\/div><div class=\"vc_row-full-width vc_clearfix\"><\/div>\n<\/div>","protected":false},"excerpt":{"rendered":"","protected":false},"author":1,"featured_media":13506,"parent":0,"menu_order":0,"comment_status":"closed","ping_status":"closed","template":"","meta":{"footnotes":""},"class_list":["post-13410","page","type-page","status-publish","has-post-thumbnail"],"aioseo_notices":[],"_links":{"self":[{"href":"https:\/\/habitec.ca\/fr\/wp-json\/wp\/v2\/pages\/13410","targetHints":{"allow":["GET"]}}],"collection":[{"href":"https:\/\/habitec.ca\/fr\/wp-json\/wp\/v2\/pages"}],"about":[{"href":"https:\/\/habitec.ca\/fr\/wp-json\/wp\/v2\/types\/page"}],"author":[{"embeddable":true,"href":"https:\/\/habitec.ca\/fr\/wp-json\/wp\/v2\/users\/1"}],"replies":[{"embeddable":true,"href":"https:\/\/habitec.ca\/fr\/wp-json\/wp\/v2\/comments?post=13410"}],"version-history":[{"count":8,"href":"https:\/\/habitec.ca\/fr\/wp-json\/wp\/v2\/pages\/13410\/revisions"}],"predecessor-version":[{"id":13710,"href":"https:\/\/habitec.ca\/fr\/wp-json\/wp\/v2\/pages\/13410\/revisions\/13710"}],"wp:featuredmedia":[{"embeddable":true,"href":"https:\/\/habitec.ca\/fr\/wp-json\/wp\/v2\/media\/13506"}],"wp:attachment":[{"href":"https:\/\/habitec.ca\/fr\/wp-json\/wp\/v2\/media?parent=13410"}],"curies":[{"name":"wp","href":"https:\/\/api.w.org\/{rel}","templated":true}]}}