{"id":13412,"date":"2024-11-18T14:46:07","date_gmt":"2024-11-18T19:46:07","guid":{"rendered":"https:\/\/habitec.ca\/?page_id=13412"},"modified":"2024-12-02T04:33:38","modified_gmt":"2024-12-02T09:33:38","slug":"offres-emploi","status":"publish","type":"page","link":"https:\/\/habitec.ca\/fr\/job-vacancies\/","title":{"rendered":"Offres d'emploi"},"content":{"rendered":"<div class=\"wpb-content-wrapper\"><div class=\"vc_row-full-width-before\"><\/div><div id=\"vc_row-69f0c81d457c0\" data-vc-full-width=\"true\" data-vc-full-width-init=\"false\" class=\"vc_row wpb_row vc_row-fluid vc_custom_1732743260312 thegem-custom-69f0c81d4579c6868 vc_row-has-fill\"><script type=\"text\/javascript\">if (typeof(gem_fix_fullwidth_position) == \"function\") { gem_fix_fullwidth_position(document.getElementById(\"vc_row-69f0c81d457c0\")); }<\/script><div class=\"wpb_column vc_column_container vc_col-sm-12 thegem-custom-69f0c81d459f16836\" ><div class=\"vc_column-inner thegem-custom-inner-69f0c81d459f3\"><div class=\"wpb_wrapper thegem-custom-69f0c81d459f16836\"><div class=\"centered-box gem-image-centered-box\" ><div class=\"gem-image gem-wrapbox gem-wrapbox-style-default gem-wrapbox-position-centered  thegem-custom-69f0c81d45c341923\"  style=\"width: 80px;\" ><div class=\"gem-wrapbox-inner\" ><img class=\"gem-wrapbox-element img-responsive\" src=\"https:\/\/habitec.ca\/wp-content\/uploads\/2024\/11\/recruitment.png\" alt=\"vacancies - Habitec\"\/><\/div><style type=\"text\/css\">.thegem-custom-69f0c81d45c341923.gem-image a:hover img {filter: brightness( 100% ) contrast( 100% ) saturate( 100% ) blur( 0px ) hue-rotate( 0deg );}<\/style><\/div><\/div><div class=\"clearboth\"><\/div><style>#thegem-divider-69f0c81d4600e {margin-top: 20px !important;}<\/style><div id=\"thegem-divider-69f0c81d4600e\" class=\"gem-divider\" style=\"\" ><\/div>\r\n\t\r\n\t\t<div class=\"wpb_text_column wpb_content_element  vc_custom_1733129040888 uppercase-disable thegem-vc-text thegem-custom-69f0c81d461576475\"  >\r\n\t\t\t<div class=\"wpb_wrapper\">\r\n\t\t\t\t<div class=\"title-h2\" style=\"text-align: center;\"><span style=\"color: #00a8e2;\">Rejoindre notre <span style=\"color: #ff9016;\">\u00e9quipe<\/span><\/span><\/div>\n\r\n\t\t\t<\/div>\r\n\t\t\t<style>@media screen and (max-width: 1023px) {.thegem-vc-text.thegem-custom-69f0c81d461576475{display: block!important;}}@media screen and (max-width: 767px) {.thegem-vc-text.thegem-custom-69f0c81d461576475{display: block!important;}}@media screen and (max-width: 1023px) {.thegem-vc-text.thegem-custom-69f0c81d461576475{position: relative !important;}}@media screen and (max-width: 767px) {.thegem-vc-text.thegem-custom-69f0c81d461576475{position: relative !important;}}<\/style>\r\n\t\t<\/div>\r\n\t\r\n<div class=\"clearboth\"><\/div><style>#thegem-divider-69f0c81d46235 {margin-top: 40px !important;}<\/style><div id=\"thegem-divider-69f0c81d46235\" class=\"gem-divider\" style=\"\" ><\/div><\/div><\/div><\/div><\/div><div class=\"vc_row-full-width vc_clearfix\"><\/div><div class=\"vc_row-full-width-before\"><\/div><div id=\"vc_row-69f0c81d4643d\" data-vc-full-width=\"true\" data-vc-full-width-init=\"false\" class=\"vc_row wpb_row vc_row-fluid vc_custom_1733129092728 thegem-custom-69f0c81d4642c4254 vc_row-has-fill vc_row-o-equal-height vc_row-flex\"><script type=\"text\/javascript\">if (typeof(gem_fix_fullwidth_position) == \"function\") { gem_fix_fullwidth_position(document.getElementById(\"vc_row-69f0c81d4643d\")); }<\/script><div class=\"wpb_column vc_column_container vc_col-sm-12 vc_col-lg-12 thegem-custom-69f0c81d4664c9990\" ><div class=\"vc_column-inner thegem-custom-inner-69f0c81d4664e\"><div class=\"wpb_wrapper thegem-custom-69f0c81d4664c9990\"><div class=\"clearboth\"><\/div><style>#thegem-divider-69f0c81d466fe {margin-top: 40px !important;}<\/style><div id=\"thegem-divider-69f0c81d466fe\" class=\"gem-divider\" style=\"\" ><\/div><div class=\"thegem-te-heading thegem-custom-69f0c81d468187909\" ><h3 id=\"thegem-heading-69f0c81d467e3\" class=\"thegem-heading thegem-custom-heading-69f0c81d467d73510 title-h2 vc_custom_1733129114702\" style=\"text-align: center;\" ><span class=\"colored\" style=\"color: #FFFFFF;\">D\u00e9veloppez votre carri\u00e8re avec Habitec<\/span><\/h3><style type=\"text\/css\">#thegem-heading-69f0c81d467e3 {margin: 0;}#thegem-heading-69f0c81d467e3 {margin-left: auto; margin-right: auto;}#thegem-heading-69f0c81d467e3 > * {justify-content: center;}#thegem-heading-69f0c81d467e3 a:hover, #thegem-heading-69f0c81d467e3 a:hover span.colored {color: var(--thegem-to-menu-level1-color-hover, #00BCD4) !important;}<\/style><\/div><style>@media screen and (max-width: 1023px) {.thegem-heading.thegem-custom-heading-69f0c81d467d73510{display: block!important;}}@media screen and (max-width: 767px) {.thegem-heading.thegem-custom-heading-69f0c81d467d73510{display: block!important;}}@media screen and (max-width: 1023px) {.thegem-heading.thegem-custom-heading-69f0c81d467d73510{position: relative !important;}}@media screen and (max-width: 767px) {.thegem-heading.thegem-custom-heading-69f0c81d467d73510{position: relative !important;}}<\/style><div class=\"clearboth\"><\/div><style>#thegem-divider-69f0c81d4684a {margin-top: 20px !important;}<\/style><div id=\"thegem-divider-69f0c81d4684a\" class=\"gem-divider\" style=\"\" ><\/div>\r\n\t\r\n\t\t<div class=\"wpb_text_column wpb_content_element  thegem-vc-text thegem-custom-69f0c81d4690c3500\"  >\r\n\t\t\t<div class=\"wpb_wrapper\">\r\n\t\t\t\t<div class=\"styled-subtitle\" style=\"text-align: center;\"><span style=\"color: #ffffff;\">Chez Habitec, nous sommes plus qu'une simple entreprise ; nous sommes une communaut\u00e9 d'innovateurs, de r\u00e9solveurs de probl\u00e8mes et de techniciens qui se consacrent \u00e0 l'am\u00e9lioration du confort et de la s\u00e9curit\u00e9 des maisons et des entreprises. Si vous \u00eates \u00e0 la recherche d'un endroit o\u00f9 vous pourrez \u00e9voluer professionnellement et avoir un impact r\u00e9el, nous vous invitons \u00e0 explorer nos opportunit\u00e9s de carri\u00e8re.<\/span><\/div>\n\r\n\t\t\t<\/div>\r\n\t\t\t<style>@media screen and (max-width: 1023px) {.thegem-vc-text.thegem-custom-69f0c81d4690c3500{display: block!important;}}@media screen and (max-width: 767px) {.thegem-vc-text.thegem-custom-69f0c81d4690c3500{display: block!important;}}@media screen and (max-width: 1023px) {.thegem-vc-text.thegem-custom-69f0c81d4690c3500{position: relative !important;}}@media screen and (max-width: 767px) {.thegem-vc-text.thegem-custom-69f0c81d4690c3500{position: relative !important;}}<\/style>\r\n\t\t<\/div>\r\n\t\r\n<div class=\"clearboth\"><\/div><style>#thegem-divider-69f0c81d469c7 {margin-top: 60px !important;}<\/style><div id=\"thegem-divider-69f0c81d469c7\" class=\"gem-divider\" style=\"\" ><\/div><\/div><\/div><\/div><\/div><div class=\"vc_row-full-width vc_clearfix\"><\/div><div class=\"vc_row-full-width-before\"><\/div><div id=\"vc_row-69f0c81d46cd4\" data-vc-full-width=\"true\" data-vc-full-width-init=\"false\" class=\"vc_row wpb_row vc_row-fluid vc_custom_1733129526589 thegem-custom-69f0c81d46cba9744 vc_row-has-fill\"><script type=\"text\/javascript\">if (typeof(gem_fix_fullwidth_position) == \"function\") { gem_fix_fullwidth_position(document.getElementById(\"vc_row-69f0c81d46cd4\")); }<\/script><div class=\"wpb_column vc_column_container vc_col-sm-12 thegem-custom-69f0c81d46f5e7150\" ><div class=\"vc_column-inner thegem-custom-inner-69f0c81d46f61\"><div class=\"wpb_wrapper thegem-custom-69f0c81d46f5e7150\"><div class=\"clearboth\"><\/div><style>#thegem-divider-69f0c81d47055 {margin-top: 20px !important;}<\/style><div id=\"thegem-divider-69f0c81d47055\" class=\"gem-divider\" style=\"\" ><\/div><div class=\"thegem-te-heading thegem-custom-69f0c81d4721a8956\" ><h3 id=\"thegem-heading-69f0c81d471e1\" class=\"thegem-heading thegem-custom-heading-69f0c81d471de759 title-h2 vc_custom_1733129182811\" style=\"text-align: center;\" ><span class=\"colored\" style=\"color: #FF9016;\">Pourquoi travailler avec nous<\/span><\/h3><style type=\"text\/css\">#thegem-heading-69f0c81d471e1 {margin: 0;}#thegem-heading-69f0c81d471e1 {margin-left: auto; margin-right: auto;}#thegem-heading-69f0c81d471e1 > * {justify-content: center;}#thegem-heading-69f0c81d471e1 a:hover, #thegem-heading-69f0c81d471e1 a:hover span.colored {color: var(--thegem-to-menu-level1-color-hover, #00BCD4) !important;}<\/style><\/div><style>@media screen and (max-width: 1023px) {.thegem-heading.thegem-custom-heading-69f0c81d471de759{display: block!important;}}@media screen and (max-width: 767px) {.thegem-heading.thegem-custom-heading-69f0c81d471de759{display: block!important;}}@media screen and (max-width: 1023px) {.thegem-heading.thegem-custom-heading-69f0c81d471de759{position: relative !important;}}@media screen and (max-width: 767px) {.thegem-heading.thegem-custom-heading-69f0c81d471de759{position: relative !important;}}<\/style><div class=\"clearboth\"><\/div><style>#thegem-divider-69f0c81d4724c {margin-top: 20px !important;}<\/style><div id=\"thegem-divider-69f0c81d4724c\" class=\"gem-divider\" style=\"\" ><\/div>\r\n\t\r\n\t\t<div class=\"wpb_text_column wpb_content_element  thegem-vc-text thegem-custom-69f0c81d472fe8076\"  >\r\n\t\t\t<div class=\"wpb_wrapper\">\r\n\t\t\t\t<div class=\"styled-subtitle\" style=\"text-align: center;\">Nous sommes convaincus de la n\u00e9cessit\u00e9 de cr\u00e9er un environnement de travail favorable et ouvert \u00e0 tous, o\u00f9 chaque employ\u00e9 peut s'\u00e9panouir. Nous offrons des avantages comp\u00e9titifs, des possibilit\u00e9s de d\u00e9veloppement professionnel et une culture du travail d'\u00e9quipe et du respect.<\/div>\n\r\n\t\t\t<\/div>\r\n\t\t\t<style>@media screen and (max-width: 1023px) {.thegem-vc-text.thegem-custom-69f0c81d472fe8076{display: block!important;}}@media screen and (max-width: 767px) {.thegem-vc-text.thegem-custom-69f0c81d472fe8076{display: block!important;}}@media screen and (max-width: 1023px) {.thegem-vc-text.thegem-custom-69f0c81d472fe8076{position: relative !important;}}@media screen and (max-width: 767px) {.thegem-vc-text.thegem-custom-69f0c81d472fe8076{position: relative !important;}}<\/style>\r\n\t\t<\/div>\r\n\t\r\n<div class=\"clearboth\"><\/div><style>#thegem-divider-69f0c81d47384 {margin-top: 60px !important;}<\/style><div id=\"thegem-divider-69f0c81d47384\" class=\"gem-divider\" style=\"\" ><\/div><div class=\"centered-box gem-image-centered-box\" ><div class=\"gem-image gem-wrapbox gem-wrapbox-style-default gem-wrapbox-position-centered  thegem-custom-69f0c81d473a61004\"  style=\"\" ><div class=\"gem-wrapbox-inner\" ><img class=\"gem-wrapbox-element img-responsive\" src=\"https:\/\/habitec.ca\/wp-content\/uploads\/2024\/12\/why-work-with-habitec.jpg\" alt=\"habitec team\"\/><\/div><style type=\"text\/css\">.thegem-custom-69f0c81d473a61004.gem-image a:hover img {filter: brightness( 100% ) contrast( 100% ) saturate( 100% ) blur( 0px ) hue-rotate( 0deg );}<\/style><\/div><\/div><div class=\"clearboth\"><\/div><style>#thegem-divider-69f0c81d4780e {margin-top: 20px !important;}<\/style><div id=\"thegem-divider-69f0c81d4780e\" class=\"gem-divider\" style=\"\" ><\/div><\/div><\/div><\/div><\/div><div class=\"vc_row-full-width vc_clearfix\"><\/div><div id=\"vc_row-69f0c81d47b3c\" class=\"vc_row wpb_row vc_row-fluid vc_custom_1733129744151 thegem-custom-69f0c81d47b241342 vc_row-has-fill vc_row-o-equal-height vc_row-flex\"><style>.thegem-custom-69f0c81d47b241342.wpb_row {box-shadow:  0px 0px 5px 1px #5151517D;}<\/style><div class=\"wpb_column vc_column_container vc_col-sm-12 vc_col-lg-12 thegem-custom-69f0c81d47da85137\" ><div class=\"vc_column-inner thegem-custom-inner-69f0c81d47dab\"><div class=\"wpb_wrapper thegem-custom-69f0c81d47da85137\"><div class=\"clearboth\"><\/div><style>#thegem-divider-69f0c81d47ec5 {margin-top: 40px !important;}<\/style><div id=\"thegem-divider-69f0c81d47ec5\" class=\"gem-divider\" style=\"\" ><\/div><div class=\"thegem-te-heading thegem-custom-69f0c81d4804d2562\" ><h3 id=\"thegem-heading-69f0c81d48005\" class=\"thegem-heading thegem-custom-heading-69f0c81d480023538 title-h2 vc_custom_1733129767855\" style=\"text-align: center;\" ><span class=\"colored\" style=\"color: #515151;\">Postes \u00e0 pourvoir<\/span><\/h3><style type=\"text\/css\">#thegem-heading-69f0c81d48005 {margin: 0;}#thegem-heading-69f0c81d48005 {margin-left: auto; margin-right: auto;}#thegem-heading-69f0c81d48005 > * {justify-content: center;}#thegem-heading-69f0c81d48005 a:hover, #thegem-heading-69f0c81d48005 a:hover span.colored {color: var(--thegem-to-menu-level1-color-hover, #00BCD4) !important;}<\/style><\/div><style>@media screen and (max-width: 1023px) {.thegem-heading.thegem-custom-heading-69f0c81d480023538{display: block!important;}}@media screen and (max-width: 767px) {.thegem-heading.thegem-custom-heading-69f0c81d480023538{display: block!important;}}@media screen and (max-width: 1023px) {.thegem-heading.thegem-custom-heading-69f0c81d480023538{position: relative !important;}}@media screen and (max-width: 767px) {.thegem-heading.thegem-custom-heading-69f0c81d480023538{position: relative !important;}}<\/style><div class=\"clearboth\"><\/div><style>#thegem-divider-69f0c81d4809e {margin-top: 60px !important;}<\/style><div id=\"thegem-divider-69f0c81d4809e\" class=\"gem-divider\" style=\"\" ><\/div>\r\n\t\r\n\t\t<div class=\"wpb_text_column wpb_content_element  thegem-vc-text thegem-custom-69f0c81d481695844\"  >\r\n\t\t\t<div class=\"wpb_wrapper\">\r\n\t\t\t\t<div class=\"styled-subtitle\" style=\"text-align: left;\"><span style=\"color: #00a8e2;\"><strong>Repr\u00e9sentant des ventes<\/strong><\/span><\/div>\n\r\n\t\t\t<\/div>\r\n\t\t\t<style>@media screen and (max-width: 1023px) {.thegem-vc-text.thegem-custom-69f0c81d481695844{display: block!important;}}@media screen and (max-width: 767px) {.thegem-vc-text.thegem-custom-69f0c81d481695844{display: block!important;}}@media screen and (max-width: 1023px) {.thegem-vc-text.thegem-custom-69f0c81d481695844{position: relative !important;}}@media screen and (max-width: 767px) {.thegem-vc-text.thegem-custom-69f0c81d481695844{position: relative !important;}}<\/style>\r\n\t\t<\/div>\r\n\t\r\n<div class=\"clearboth\"><\/div><style>#thegem-divider-69f0c81d48251 {margin-top: 20px !important;}<\/style><div id=\"thegem-divider-69f0c81d48251\" class=\"gem-divider\" style=\"\" ><\/div>\r\n\t\r\n\t\t<div class=\"wpb_text_column wpb_content_element  thegem-vc-text thegem-custom-69f0c81d483234748\"  >\r\n\t\t\t<div class=\"wpb_wrapper\">\r\n\t\t\t\t<div class=\"styled-subtitle\" style=\"text-align: left;\"><strong><span style=\"color: #515151;\">Description du poste : <\/span><\/strong><span style=\"color: #515151;\">En tant que repr\u00e9sentant commercial chez Habitec, vous serez \u00e0 l'avant-garde de notre mission qui consiste \u00e0 fournir \u00e0 nos clients des solutions de premier ordre en mati\u00e8re de chauffage, de ventilation et de climatisation ainsi que d'\u00e9lectricit\u00e9. Vous utiliserez vos comp\u00e9tences en communication et vos connaissances techniques pour informer les clients potentiels sur nos services et les aider \u00e0 prendre des d\u00e9cisions \u00e9clair\u00e9es.<\/span><\/div>\n\r\n\t\t\t<\/div>\r\n\t\t\t<style>@media screen and (max-width: 1023px) {.thegem-vc-text.thegem-custom-69f0c81d483234748{display: block!important;}}@media screen and (max-width: 767px) {.thegem-vc-text.thegem-custom-69f0c81d483234748{display: block!important;}}@media screen and (max-width: 1023px) {.thegem-vc-text.thegem-custom-69f0c81d483234748{position: relative !important;}}@media screen and (max-width: 767px) {.thegem-vc-text.thegem-custom-69f0c81d483234748{position: relative !important;}}<\/style>\r\n\t\t<\/div>\r\n\t\r\n<div class=\"clearboth\"><\/div><style>#thegem-divider-69f0c81d483f3 {margin-top: 20px !important;}<\/style><div id=\"thegem-divider-69f0c81d483f3\" class=\"gem-divider\" style=\"\" ><\/div>\r\n\t\r\n\t\t<div class=\"wpb_text_column wpb_content_element  thegem-vc-text thegem-custom-69f0c81d484e47902\"  >\r\n\t\t\t<div class=\"wpb_wrapper\">\r\n\t\t\t\t<div class=\"styled-subtitle\" style=\"text-align: left;\">\n<p><span style=\"color: #515151;\"><strong>Responsabilit\u00e9s :<\/strong><\/span><\/p>\n<ul>\n<li><span style=\"color: #515151;\">S'engager aupr\u00e8s de clients potentiels par le biais d'une approche directe, d'une mise en r\u00e9seau et d'une participation \u00e0 des \u00e9v\u00e9nements du secteur.<\/span><\/li>\n<li><span style=\"color: #515151;\">Comprendre les besoins des clients et recommander les produits et services appropri\u00e9s.<\/span><\/li>\n<li><span style=\"color: #515151;\">Pr\u00e9parer et pr\u00e9senter des expos\u00e9s \u00e0 des clients potentiels.<\/span><\/li>\n<li><span style=\"color: #515151;\">G\u00e9rer l'ensemble du cycle de vente, du premier contact \u00e0 la conclusion de l'affaire.<\/span><\/li>\n<li><span style=\"color: #515151;\">Entretenir les relations avec les clients existants afin de les fid\u00e9liser et de les recommander.<\/span><\/li>\n<\/ul>\n<p><span style=\"color: #515151;\"><strong>Conditions requises :<\/strong><\/span><\/p>\n<ul>\n<li><span style=\"color: #515151;\">Exp\u00e9rience confirm\u00e9e dans la vente, de pr\u00e9f\u00e9rence dans les secteurs du chauffage, de la ventilation et de l'\u00e9lectricit\u00e9.<\/span><\/li>\n<li><span style=\"color: #515151;\">Solides comp\u00e9tences en mati\u00e8re de relations interpersonnelles et de communication.<\/span><\/li>\n<li><span style=\"color: #515151;\">Capacit\u00e9 \u00e0 comprendre et \u00e0 transmettre des informations techniques complexes.<\/span><\/li>\n<li><span style=\"color: #515151;\">Motiv\u00e9(e) et d\u00e9sireux(se) de r\u00e9ussir.<\/span><\/li>\n<li><span style=\"color: #515151;\">Permis de conduire valide et volont\u00e9 de se d\u00e9placer sur le territoire de vente.<\/span><\/li>\n<\/ul>\n<p><span style=\"color: #515151;\"><strong>Qualifications :<\/strong><\/span><\/p>\n<ul>\n<li><span style=\"color: #515151;\">Une licence en administration des affaires, en marketing ou dans un domaine connexe est pr\u00e9f\u00e9rable.<\/span><\/li>\n<li><span style=\"color: #515151;\">Une exp\u00e9rience dans la vente B2B est un plus.<\/span><\/li>\n<\/ul>\n<p><span style=\"color: #515151;\"><strong>Bilingue<\/strong>: Vous devez \u00eatre capable de parler, de lire et d'\u00e9crire couramment dans les deux langues, car le poste exige de traiter des clients et de la documentation en fran\u00e7ais et en anglais.<\/span><\/p>\n<\/div>\n\r\n\t\t\t<\/div>\r\n\t\t\t<style>@media screen and (max-width: 1023px) {.thegem-vc-text.thegem-custom-69f0c81d484e47902{display: block!important;}}@media screen and (max-width: 767px) {.thegem-vc-text.thegem-custom-69f0c81d484e47902{display: block!important;}}@media screen and (max-width: 1023px) {.thegem-vc-text.thegem-custom-69f0c81d484e47902{position: relative !important;}}@media screen and (max-width: 767px) {.thegem-vc-text.thegem-custom-69f0c81d484e47902{position: relative !important;}}<\/style>\r\n\t\t<\/div>\r\n\t\r\n<div class=\"clearboth\"><\/div><style>#thegem-divider-69f0c81d487a3 {margin-top: 40px !important;}<\/style><div id=\"thegem-divider-69f0c81d487a3\" class=\"gem-divider\" style=\"\" ><\/div>\r\n\t\r\n\t\t<div class=\"wpb_text_column wpb_content_element  thegem-vc-text thegem-custom-69f0c81d488968375\"  >\r\n\t\t\t<div class=\"wpb_wrapper\">\r\n\t\t\t\t<div class=\"styled-subtitle\" style=\"text-align: left;\"><span style=\"color: #ff9016;\"><strong>Comment postuler<\/strong><\/span><\/div>\n\r\n\t\t\t<\/div>\r\n\t\t\t<style>@media screen and (max-width: 1023px) {.thegem-vc-text.thegem-custom-69f0c81d488968375{display: block!important;}}@media screen and (max-width: 767px) {.thegem-vc-text.thegem-custom-69f0c81d488968375{display: block!important;}}@media screen and (max-width: 1023px) {.thegem-vc-text.thegem-custom-69f0c81d488968375{position: relative !important;}}@media screen and (max-width: 767px) {.thegem-vc-text.thegem-custom-69f0c81d488968375{position: relative !important;}}<\/style>\r\n\t\t<\/div>\r\n\t\r\n<div class=\"clearboth\"><\/div><style>#thegem-divider-69f0c81d4894f {margin-top: 20px !important;}<\/style><div id=\"thegem-divider-69f0c81d4894f\" class=\"gem-divider\" style=\"\" ><\/div>\r\n\t\r\n\t\t<div class=\"wpb_text_column wpb_content_element  thegem-vc-text thegem-custom-69f0c81d48a0b3509\"  >\r\n\t\t\t<div class=\"wpb_wrapper\">\r\n\t\t\t\t<div class=\"styled-subtitle\" style=\"text-align: left;\"><span style=\"color: #515151;\">Veuillez envoyer votre CV et une lettre de motivation \u00e0 <a href=\"mailto:info@habitec.ca\">info@habitec.ca<\/a> en pr\u00e9cisant vos qualifications et les raisons pour lesquelles vous \u00eates un bon candidat pour Habitec. Nous nous r\u00e9jouissons de votre candidature !<\/span><\/div>\n\r\n\t\t\t<\/div>\r\n\t\t\t<style>@media screen and (max-width: 1023px) {.thegem-vc-text.thegem-custom-69f0c81d48a0b3509{display: block!important;}}@media screen and (max-width: 767px) {.thegem-vc-text.thegem-custom-69f0c81d48a0b3509{display: block!important;}}@media screen and (max-width: 1023px) {.thegem-vc-text.thegem-custom-69f0c81d48a0b3509{position: relative !important;}}@media screen and (max-width: 767px) {.thegem-vc-text.thegem-custom-69f0c81d48a0b3509{position: relative !important;}}<\/style>\r\n\t\t<\/div>\r\n\t\r\n<div class=\"clearboth\"><\/div><style>#thegem-divider-69f0c81d48ad4 {margin-top: 60px !important;}<\/style><div id=\"thegem-divider-69f0c81d48ad4\" class=\"gem-divider\" style=\"\" ><\/div><\/div><\/div><\/div><\/div>\n<\/div>","protected":false},"excerpt":{"rendered":"","protected":false},"author":1,"featured_media":13500,"parent":0,"menu_order":0,"comment_status":"closed","ping_status":"closed","template":"","meta":{"footnotes":""},"class_list":["post-13412","page","type-page","status-publish","has-post-thumbnail"],"aioseo_notices":[],"_links":{"self":[{"href":"https:\/\/habitec.ca\/fr\/wp-json\/wp\/v2\/pages\/13412","targetHints":{"allow":["GET"]}}],"collection":[{"href":"https:\/\/habitec.ca\/fr\/wp-json\/wp\/v2\/pages"}],"about":[{"href":"https:\/\/habitec.ca\/fr\/wp-json\/wp\/v2\/types\/page"}],"author":[{"embeddable":true,"href":"https:\/\/habitec.ca\/fr\/wp-json\/wp\/v2\/users\/1"}],"replies":[{"embeddable":true,"href":"https:\/\/habitec.ca\/fr\/wp-json\/wp\/v2\/comments?post=13412"}],"version-history":[{"count":10,"href":"https:\/\/habitec.ca\/fr\/wp-json\/wp\/v2\/pages\/13412\/revisions"}],"predecessor-version":[{"id":13694,"href":"https:\/\/habitec.ca\/fr\/wp-json\/wp\/v2\/pages\/13412\/revisions\/13694"}],"wp:featuredmedia":[{"embeddable":true,"href":"https:\/\/habitec.ca\/fr\/wp-json\/wp\/v2\/media\/13500"}],"wp:attachment":[{"href":"https:\/\/habitec.ca\/fr\/wp-json\/wp\/v2\/media?parent=13412"}],"curies":[{"name":"wp","href":"https:\/\/api.w.org\/{rel}","templated":true}]}}